{"id":413,"date":"2023-07-01T16:16:10","date_gmt":"2023-07-01T19:16:10","guid":{"rendered":"https:\/\/dcentro.uy\/dc\/?page_id=413"},"modified":"2023-07-08T18:50:26","modified_gmt":"2023-07-08T21:50:26","slug":"ideas-2","status":"publish","type":"page","link":"https:\/\/dcentro.uy\/dc\/ideas-2\/","title":{"rendered":"Ideas"},"content":{"rendered":"<p><em>Trabajamos y estamos comprometidos con la b\u00fasqueda del bien com\u00fan, el <strong>bienestar social<\/strong> y colectivo desde una perspectiva que <strong>re\u00fane libertad con igualdad <\/strong>-como derechos indiscutibles de los individuos-, siendo <strong>pragm\u00e1ticos<\/strong> en la construcci\u00f3n de una <strong>sociedad justa, <\/strong>con <strong>derechos y deberes y <\/strong>on un <strong>Estado que regula y compensa<\/strong> y que interact\u00faa con el libre mercado para generar <strong>igualdad de oportunidades y desarrollo.<\/strong><\/em><\/p>\n<h2><strong>Libertad como <\/strong><strong>\u201clibertad solidaria<\/strong><strong>\u201d<\/strong><\/h2>\n<p>El tiempo de Pandemia le permiti\u00f3 al Presidente Luis Lacalle Pou y al gobierno exhibir en esplendor <strong>el valor de la Libertad<\/strong>. Mostr\u00f3 a los uruguayos y al mundo la trascendencia de la libertad en el desarrollo del individuo. La primera y principal variable que un ser humano necesita.<\/p>\n<p>De la Libertad responsable, que nos permiti\u00f3 afrontar con \u00e9xito la Pandemia debemos pasar a una fase de <strong>libertad solidaria<\/strong>, que se una con la noci\u00f3n de <strong>igualdad<\/strong> y que nos lleva a concebir una sociedad donde todos los individuos tienen derecho a condiciones de vida dignas con <strong>igualdad de oportunidades<\/strong> (para ejercer su libertad) y alcanzar la <strong>movilidad -ascenso- social.<\/strong><\/p>\n<h2><strong>Igualdad de oportunidades<\/strong><\/h2>\n<p>Dentro de nuestra agenda, concebimos a la igualdad de oportunidades como factor que genera la equidad, plena justicia social y cohesi\u00f3n.\u00a0 Para lograr esa igualdad de oportunidades hay que promover -continuar profundizando- algunos ejes fundamentales: <strong>educaci\u00f3n p\u00fablica<\/strong>, la mayor herramienta redistributiva de oportunidades.<\/p>\n<h2><strong>Desarrollo<\/strong><\/h2>\n<p>Tenemos una visi\u00f3n integral y completa del Desarrollo; somos <strong><em>\u201c<\/em><\/strong><strong><em>desarrollistas<\/em><\/strong><strong><em>; estimulo de la clase media<\/em><\/strong>. Queremos una clase media pujante, ya que es imprescindible para generar cohesi\u00f3n social. La clase media constituye \u201cel lugar\u201d a d\u00f3nde llevar a los sectores vulnerables que pueden lograr ascenso social, con lo cual tiene una incuestionable relevancia redistributiva. Es el primer destino de la ruta de salida de la pobreza. Pretendemos su fomento generando alivios tributarios y estimulando las mipymes y los sectores profesionales.<\/p>\n<p>Apreciamos, adem\u00e1s de la trascendencia econ\u00f3mica, un factor cultural de formaci\u00f3n de ciudadan\u00eda. <strong>La <\/strong><strong>clase media cultural<\/strong>, entendida como confluencia de ciertos valores compartidos \u2013respeto, moderaci\u00f3n, di\u00e1logo, civismo, republicanismo- ha sido fundamental en la construcci\u00f3n del Uruguay y<\/p>\n<h2><strong>Descentralizaci\u00f3n<\/strong><\/h2>\n<p>Constituye una reivindicaci\u00f3n \u00e9tica, un acto de justicia. Concebimos al Uruguay como un todo donde la integraci\u00f3n geogr\u00e1fica y humana pasa por reconocer el valor de las comunidades. Cuando defendemos los procesos descentralizadores no nos agotamos en la visi\u00f3n campo- ciudad, Montevideo &#8211; Interior, sino que reconocemos que existe la misma necesidad en la relaci\u00f3n centro \u2013 periferia en cada uno de nuestros Departamentos. Lograr la plena integraci\u00f3n de nuestras comunidades es un desaf\u00edo que lo asumimos como factor de identidad.<\/p>\n<h2><strong>Innovaci\u00f3n, conocimiento y progreso<\/strong><\/h2>\n<p>Uruguay tiene un enorme potencial para ser enclave regional de innovaci\u00f3n y tecnolog\u00eda. Desde esa posici\u00f3n apostamos a la generaci\u00f3n de conocimiento y favorecer y estimular la exportaci\u00f3n de servicios de alta tecnolog\u00eda en sectores como la biotecnolog\u00eda, las tecnolog\u00edas de la informaci\u00f3n y la producci\u00f3n audiovisual y digital.<\/p>\n<h2><strong>Medio Ambiente<\/strong><\/h2>\n<p>Somos conscientes de la responsabilidad generacional sobre el medio ambiente y pretendemos que las decisiones que impacten en \u00e9l sean resultado de la m\u00e1s amplia participaci\u00f3n ciudadana, con transparencia y de rendici\u00f3n de cuentas.<\/p>\n","protected":false},"excerpt":{"rendered":"<p>Trabajamos y estamos comprometidos con la b\u00fasqueda del bien com\u00fan, el bienestar social y colectivo desde una perspectiva que re\u00fane libertad con igualdad -como derechos indiscutibles de los individuos-, siendo pragm\u00e1ticos en la construcci\u00f3n de una sociedad justa, con derechos y deberes y on un Estado que regula y compensa y que interact\u00faa con el [&hellip;]<\/p>\n","protected":false},"author":2,"featured_media":581,"parent":0,"menu_order":0,"comment_status":"closed","ping_status":"closed","template":"","meta":{"footnotes":""},"class_list":["post-413","page","type-page","status-publish","has-post-thumbnail","hentry"],"_links":{"self":[{"href":"https:\/\/dcentro.uy\/dc\/wp-json\/wp\/v2\/pages\/413","targetHints":{"allow":["GET"]}}],"collection":[{"href":"https:\/\/dcentro.uy\/dc\/wp-json\/wp\/v2\/pages"}],"about":[{"href":"https:\/\/dcentro.uy\/dc\/wp-json\/wp\/v2\/types\/page"}],"author":[{"embeddable":true,"href":"https:\/\/dcentro.uy\/dc\/wp-json\/wp\/v2\/users\/2"}],"replies":[{"embeddable":true,"href":"https:\/\/dcentro.uy\/dc\/wp-json\/wp\/v2\/comments?post=413"}],"version-history":[{"count":5,"href":"https:\/\/dcentro.uy\/dc\/wp-json\/wp\/v2\/pages\/413\/revisions"}],"predecessor-version":[{"id":790,"href":"https:\/\/dcentro.uy\/dc\/wp-json\/wp\/v2\/pages\/413\/revisions\/790"}],"wp:featuredmedia":[{"embeddable":true,"href":"https:\/\/dcentro.uy\/dc\/wp-json\/wp\/v2\/media\/581"}],"wp:attachment":[{"href":"https:\/\/dcentro.uy\/dc\/wp-json\/wp\/v2\/media?parent=413"}],"curies":[{"name":"wp","href":"https:\/\/api.w.org\/{rel}","templated":true}]}}