{"id":118,"date":"2023-06-30T20:55:27","date_gmt":"2023-06-30T23:55:27","guid":{"rendered":"https:\/\/dcentro.uy\/dc\/?page_id=118"},"modified":"2023-07-08T13:47:57","modified_gmt":"2023-07-08T16:47:57","slug":"candidato","status":"publish","type":"page","link":"https:\/\/dcentro.uy\/dc\/candidato\/","title":{"rendered":"El Candidato"},"content":{"rendered":"<h1 style=\"text-align: center;\"><strong>\u00bfPOR QU\u00c9 \u00c1LVARO DELGADO?<\/strong><\/h1>\n<p style=\"text-align: center;\"><em>Por su <strong>origen<\/strong>, por su <strong>trayectoria<\/strong> y sobre todo <strong>por el horizonte<\/strong> de pa\u00eds que pretende, con sus atributos <strong>de liderazgo moderno<\/strong>, \u00c1lvaro Delgado representa de mejor manera el pensar y sentir de esta nueva corriente.<\/em><\/p>\n<p style=\"text-align: center;\"><strong>Interpreta a los uruguayos que queremos continuar las reformas imprescindibles d\u00e1ndole un nuevo impulso<\/strong>.<\/p>\n<h2 style=\"text-align: center;\"><strong>M\u00e1s que un candidato, es la mejor <u>opci\u00f3n de presidente<\/u><\/strong> para el tiempo que viene.<\/h2>\n<p style=\"text-align: center;\">Re\u00fane atributos que lo colocan como el abanderado de este proyecto: capacidad de <strong>di\u00e1logo, temple y firmeza, experiencia, conocimiento integral del pa\u00eds, sensatez y sentido com\u00fan.<\/strong><\/p>\n<p style=\"text-align: center;\">Es reconocido como hombre de <strong>di\u00e1logo. <\/strong>Esa <strong>habilidad y decisi\u00f3n<\/strong> de tender puentes representa un liderazgo <strong>responsable y seguro<\/strong>, que permite llegar a acuerdos s\u00f3lidos.<\/p>\n<p style=\"text-align: center;\">Tiene el <strong>temple, la serenidad y la firmeza <\/strong>que surgen de la<strong> experiencia, <\/strong>lo que le permite comprender con <strong>determinaci\u00f3n<\/strong> las complejidades que implica la gesti\u00f3n p\u00fablica.<\/p>\n<p style=\"text-align: center;\">Su <strong>experiencia exitosa<\/strong> en superar los distintos retos que ha supuesto la administraci\u00f3n de gobierno, tomando decisiones acertadas y aprendiendo de las realidades que se han enfrentado, enriquecieron sus capacidades para <strong>anticipar y planificar<\/strong>, requisitos valiosos para todo aquel que pretenda gobernar con eficacia.<\/p>\n<p style=\"text-align: center;\">Es un referente que genera <strong>confianza <\/strong>en la ciudadan\u00eda, lo cual qued\u00f3 registrado ante los hechos m\u00e1s complejos que los uruguayos debimos transitar.<\/p>\n<p style=\"text-align: center;\">Posee un <strong>conocimiento integral del Uruguay, <\/strong>de todas sus realidades. Los a\u00f1os que lleva recorriendo cada rinc\u00f3n de nuestros pueblos y ciudades le dan una <strong>insustituible comprensi\u00f3n de las m\u00e1s distintas y complejas experiencias de vida de nuestra gente.<\/strong> Solo quien conoce puede entender, comprender y responder a todas las necesidades de los uruguayos.<\/p>\n<p style=\"text-align: center;\">Tiene <strong>sensatez y sentido com\u00fan, <\/strong>cualidades que llevan a tomar decisiones equilibradas, responsables, coherentes, racionales, debidamente pensadas y evaluadas, y, por tanto, generadoras de <strong>certidumbre. <\/strong><\/p>\n<p style=\"text-align: center;\">Los hechos confirman que por <strong>trayectoria, experiencia y conocimiento,<\/strong> <strong>se trata del uruguayo mejor y m\u00e1s capacitado para asumir el gobierno.<\/strong><\/p>\n<p>&nbsp;<\/p>\n","protected":false},"excerpt":{"rendered":"<p>\u00bfPOR QU\u00c9 \u00c1LVARO DELGADO? Por su origen, por su trayectoria y sobre todo por el horizonte de pa\u00eds que pretende, con sus atributos de liderazgo moderno, \u00c1lvaro Delgado representa de mejor manera el pensar y sentir de esta nueva corriente. Interpreta a los uruguayos que queremos continuar las reformas imprescindibles d\u00e1ndole un nuevo impulso. M\u00e1s [&hellip;]<\/p>\n","protected":false},"author":2,"featured_media":627,"parent":0,"menu_order":0,"comment_status":"closed","ping_status":"closed","template":"","meta":{"footnotes":""},"class_list":["post-118","page","type-page","status-publish","has-post-thumbnail","hentry"],"_links":{"self":[{"href":"https:\/\/dcentro.uy\/dc\/wp-json\/wp\/v2\/pages\/118","targetHints":{"allow":["GET"]}}],"collection":[{"href":"https:\/\/dcentro.uy\/dc\/wp-json\/wp\/v2\/pages"}],"about":[{"href":"https:\/\/dcentro.uy\/dc\/wp-json\/wp\/v2\/types\/page"}],"author":[{"embeddable":true,"href":"https:\/\/dcentro.uy\/dc\/wp-json\/wp\/v2\/users\/2"}],"replies":[{"embeddable":true,"href":"https:\/\/dcentro.uy\/dc\/wp-json\/wp\/v2\/comments?post=118"}],"version-history":[{"count":17,"href":"https:\/\/dcentro.uy\/dc\/wp-json\/wp\/v2\/pages\/118\/revisions"}],"predecessor-version":[{"id":727,"href":"https:\/\/dcentro.uy\/dc\/wp-json\/wp\/v2\/pages\/118\/revisions\/727"}],"wp:featuredmedia":[{"embeddable":true,"href":"https:\/\/dcentro.uy\/dc\/wp-json\/wp\/v2\/media\/627"}],"wp:attachment":[{"href":"https:\/\/dcentro.uy\/dc\/wp-json\/wp\/v2\/media?parent=118"}],"curies":[{"name":"wp","href":"https:\/\/api.w.org\/{rel}","templated":true}]}}